{"id":10176,"date":"2026-04-15T06:52:57","date_gmt":"2026-04-15T06:52:57","guid":{"rendered":"https:\/\/leaders4future.eu\/resultados\/study-visit-in-norway\/"},"modified":"2026-04-15T07:56:51","modified_gmt":"2026-04-15T07:56:51","slug":"visita-de-estudio-en-noruega","status":"publish","type":"page","link":"https:\/\/leaders4future.eu\/es\/resultados\/visita-de-estudio-en-noruega\/","title":{"rendered":"Visita de estudio en Noruega"},"content":{"rendered":"\t\t<div data-elementor-type=\"wp-page\" data-elementor-id=\"10176\" class=\"elementor elementor-10176 elementor-10162\" data-elementor-post-type=\"page\">\n\t\t\t\t<div class=\"elementor-element elementor-element-5a8c04c e-flex e-con-boxed e-con e-parent\" data-id=\"5a8c04c\" data-element_type=\"container\" data-e-type=\"container\" data-settings=\"{&quot;background_background&quot;:&quot;classic&quot;,&quot;jet_parallax_layout_list&quot;:[]}\">\n\t\t\t\t\t<div class=\"e-con-inner\">\n\t\t<div class=\"elementor-element elementor-element-8efe9ff e-con-full e-flex e-con e-child\" data-id=\"8efe9ff\" data-element_type=\"container\" data-e-type=\"container\" data-settings=\"{&quot;jet_parallax_layout_list&quot;:[]}\">\n\t\t\t\t<div class=\"elementor-element elementor-element-3bed710 animated-fast elementor-invisible elementor-widget elementor-widget-image\" data-id=\"3bed710\" data-element_type=\"widget\" data-e-type=\"widget\" data-settings=\"{&quot;_animation&quot;:&quot;fadeInRight&quot;}\" data-widget_type=\"image.default\">\n\t\t\t\t<div class=\"elementor-widget-container\">\n\t\t\t\t\t\t\t\t\t\t\t\t\t\t\t<img fetchpriority=\"high\" decoding=\"async\" width=\"1024\" height=\"768\" src=\"https:\/\/leaders4future.eu\/wp-content\/uploads\/2026\/04\/Study-Visit-in-Norway.webp\" class=\"attachment-full size-full wp-image-10453\" alt=\"\" srcset=\"https:\/\/leaders4future.eu\/wp-content\/uploads\/2026\/04\/Study-Visit-in-Norway.webp 1024w, https:\/\/leaders4future.eu\/wp-content\/uploads\/2026\/04\/Study-Visit-in-Norway-300x225.webp 300w, https:\/\/leaders4future.eu\/wp-content\/uploads\/2026\/04\/Study-Visit-in-Norway-768x576.webp 768w\" sizes=\"(max-width: 1024px) 100vw, 1024px\" \/>\t\t\t\t\t\t\t\t\t\t\t\t\t\t\t<\/div>\n\t\t\t\t<\/div>\n\t\t\t\t<div class=\"elementor-element elementor-element-01ed24a elementor-widget elementor-widget-text-editor\" data-id=\"01ed24a\" data-element_type=\"widget\" data-e-type=\"widget\" data-widget_type=\"text-editor.default\">\n\t\t\t\t<div class=\"elementor-widget-container\">\n\t\t\t\t\t\t\t\t\t<p><strong>Explorando el ecosistema n\u00f3rdico de innovaci\u00f3n: visita de estudio de Leaders4Future en Oslo<\/strong><\/p><p>Del 2 al 5 de diciembre de 2025, el consorcio Leaders4Future se reuni\u00f3 en Oslo para una intensa visita de estudio. Organizada por nuestro socio noruego, YYOUTH, esta movilidad sumergi\u00f3 a nuestra asociaci\u00f3n en uno de los ecosistemas emprendedores m\u00e1s din\u00e1micos de Europa, ofreciendo valiosas perspectivas sobre innovaci\u00f3n, integraci\u00f3n social y empoderamiento econ\u00f3mico de la mujer.<\/p><p><strong>Nuestros objetivos<\/strong><\/p><p>El objetivo principal de la visita de estudio fue fortalecer la capacidad de los trabajadores y educadores juveniles del consorcio exponi\u00e9ndoles directamente a pr\u00e1cticas y estructuras de apoyo empresarial de \u00e9xito. Nos propusimos facilitar la transferencia de conocimiento transfronterizo, fomentar redes de alto nivel y extraer lecciones estrat\u00e9gicas que puedan adaptarse y aplicarse en el sur de Europa y los Balcanes Occidentales.<\/p><p><strong>Las participantes<\/strong><\/p><p>La movilidad cont\u00f3 con una delegaci\u00f3n diversa de 21 participantes, formada por tres representantes de cada una de las siete organizaciones socias de Espa\u00f1a, Grecia, Albania, Kosovo, Bosnia y Herzegovina, Montenegro y Noruega. El grupo incluy\u00f3 trabajadores y trabajadoras juveniles, mentores, educadores no formales y directores de organizaciones juveniles.<\/p><p><strong>La visita<\/strong><\/p><p>El intenso programa de tres d\u00edas combin\u00f3 talleres pr\u00e1cticos, di\u00e1logos de alto nivel y exploraci\u00f3n del ecosistema:<\/p><ul><li><p><strong>Fomento de la innovaci\u00f3n mediante un Ideathon: <\/strong>Organizado por Charge Incubator en Evolve Coworking, los participantes tomaron parte en un din\u00e1mico Ideathon. J\u00f3venes emprendedores presentaron sus ideas y nuestros trabajadores juveniles colaboraron en equipos para desarrollar Modelos de Negocio Canvas para conceptos de impacto social, como una plataforma para la integraci\u00f3n social de inmigrantes.<\/p><\/li><li><p><strong>Navegando la \u00abEconom\u00eda de la Confianza\u00bb: <\/strong>A trav\u00e9s de sesiones de encuentro e intercambio con j\u00f3venes empresarias en Mesh Youngstorget, los participantes exploraron los retos espec\u00edficos de la cultura empresarial noruega. Los debates pusieron de relieve la realidad de operar en una \u00abEconom\u00eda de la Confianza\u00bb, donde abrirse paso en las redes establecidas supone un obst\u00e1culo considerable, especialmente para los emprendedores no nativos.<\/p><\/li><li><p><strong>Di\u00e1logo pol\u00edtico de alto nivel: <\/strong>La delegaci\u00f3n fue recibida en la Embajada de la Rep\u00fablica de Kosovo para un debate estrat\u00e9gico con S.E. la Embajadora Dra. Nita Luci y l\u00edderes del ecosistema. El di\u00e1logo abord\u00f3 barreras estructurales como la \u00abdoble carga\u00bb que soportan las mujeres y la \u00abtrampa del emprendedor subvencionado\u00bb, al tiempo que explor\u00f3 conceptos como el aprovechamiento de la di\u00e1spora para la \u00abcaptaci\u00f3n de talento\u00bb.<\/p><\/li><li><p><strong>Exploraci\u00f3n del ecosistema en Oslo Science Park: <\/strong>El grupo visit\u00f3 el n\u00facleo del distrito de innovaci\u00f3n de Noruega, incluido StartupLab, una de las principales incubadoras tecnol\u00f3gicas. Los participantes experimentaron la filosof\u00eda de \u00abcolisi\u00f3n informal\u00bb del parque durante los eventos de networking, aprendiendo a tender puentes entre el \u00e1mbito acad\u00e9mico, la investigaci\u00f3n y la empresa comercial.<\/p><\/li><\/ul><p><strong>Temas clave explorados<\/strong><\/p><p>A lo largo de la visita, surgieron varios temas fundamentales que orientar\u00e1n nuestros futuros puntos de apoyo:<\/p><ul><li><p>La transici\u00f3n de las startups desde la dependencia de subvenciones sin \u00e1nimo de lucro hacia modelos de inversi\u00f3n comercial sostenibles.<\/p><\/li><li><p>La necesidad de construir una \u00abHermandad de Inversoras\u00bb para contrarrestar los ecosistemas financieros dominados por hombres y ayudar a que las mujeres apoyen a otras mujeres.<\/p><\/li><li><p>La importancia de abordar tanto el sesgo estructural contra las mujeres como las barreras internalizadas que dificultan la colaboraci\u00f3n.<\/p><\/li><\/ul><p>Pr\u00f3ximos pasos: llevando las \u00ablecciones noruegas\u00bb a casa<\/p><p>De cara al futuro, los 21 trabajadores juveniles formados actuar\u00e1n como multiplicadores, llevando estas \u00ablecciones noruegas\u00bb de vuelta a sus comunidades locales a trav\u00e9s de talleres y los pr\u00f3ximos Puntos de Apoyo de Leaders4Future.<\/p>\t\t\t\t\t\t\t\t<\/div>\n\t\t\t\t<\/div>\n\t\t\t\t<\/div>\n\t\t\t\t\t<\/div>\n\t\t\t\t<\/div>\n\t\t\t\t<\/div>\n\t\t","protected":false},"excerpt":{"rendered":"<p>Explorando el ecosistema n\u00f3rdico de innovaci\u00f3n: visita de estudio de Leaders4Future en Oslo Del 2 al 5 de diciembre de [&hellip;]<\/p>\n","protected":false},"author":1,"featured_media":0,"parent":4628,"menu_order":0,"comment_status":"closed","ping_status":"closed","template":"","meta":{"site-sidebar-layout":"no-sidebar","site-content-layout":"","ast-site-content-layout":"full-width-container","site-content-style":"default","site-sidebar-style":"default","ast-global-header-display":"","ast-banner-title-visibility":"","ast-main-header-display":"","ast-hfb-above-header-display":"","ast-hfb-below-header-display":"","ast-hfb-mobile-header-display":"","site-post-title":"","ast-breadcrumbs-content":"","ast-featured-img":"disabled","footer-sml-layout":"","ast-disable-related-posts":"","theme-transparent-header-meta":"default","adv-header-id-meta":"","stick-header-meta":"","header-above-stick-meta":"","header-main-stick-meta":"","header-below-stick-meta":"","astra-migrate-meta-layouts":"set","ast-page-background-enabled":"default","ast-page-background-meta":{"desktop":{"background-color":"var(--ast-global-color-5)","background-image":"","background-repeat":"repeat","background-position":"center center","background-size":"auto","background-attachment":"scroll","background-type":"","background-media":"","overlay-type":"","overlay-color":"","overlay-opacity":"","overlay-gradient":""},"tablet":{"background-color":"","background-image":"","background-repeat":"repeat","background-position":"center center","background-size":"auto","background-attachment":"scroll","background-type":"","background-media":"","overlay-type":"","overlay-color":"","overlay-opacity":"","overlay-gradient":""},"mobile":{"background-color":"","background-image":"","background-repeat":"repeat","background-position":"center center","background-size":"auto","background-attachment":"scroll","background-type":"","background-media":"","overlay-type":"","overlay-color":"","overlay-opacity":"","overlay-gradient":""}},"ast-content-background-meta":{"desktop":{"background-color":"var(--ast-global-color-4)","background-image":"","background-repeat":"repeat","background-position":"center center","background-size":"auto","background-attachment":"scroll","background-type":"","background-media":"","overlay-type":"","overlay-color":"","overlay-opacity":"","overlay-gradient":""},"tablet":{"background-color":"var(--ast-global-color-4)","background-image":"","background-repeat":"repeat","background-position":"center center","background-size":"auto","background-attachment":"scroll","background-type":"","background-media":"","overlay-type":"","overlay-color":"","overlay-opacity":"","overlay-gradient":""},"mobile":{"background-color":"var(--ast-global-color-4)","background-image":"","background-repeat":"repeat","background-position":"center center","background-size":"auto","background-attachment":"scroll","background-type":"","background-media":"","overlay-type":"","overlay-color":"","overlay-opacity":"","overlay-gradient":""}},"footnotes":""},"class_list":["post-10176","page","type-page","status-publish","hentry"],"_links":{"self":[{"href":"https:\/\/leaders4future.eu\/es\/wp-json\/wp\/v2\/pages\/10176","targetHints":{"allow":["GET"]}}],"collection":[{"href":"https:\/\/leaders4future.eu\/es\/wp-json\/wp\/v2\/pages"}],"about":[{"href":"https:\/\/leaders4future.eu\/es\/wp-json\/wp\/v2\/types\/page"}],"author":[{"embeddable":true,"href":"https:\/\/leaders4future.eu\/es\/wp-json\/wp\/v2\/users\/1"}],"replies":[{"embeddable":true,"href":"https:\/\/leaders4future.eu\/es\/wp-json\/wp\/v2\/comments?post=10176"}],"version-history":[{"count":13,"href":"https:\/\/leaders4future.eu\/es\/wp-json\/wp\/v2\/pages\/10176\/revisions"}],"predecessor-version":[{"id":10603,"href":"https:\/\/leaders4future.eu\/es\/wp-json\/wp\/v2\/pages\/10176\/revisions\/10603"}],"up":[{"embeddable":true,"href":"https:\/\/leaders4future.eu\/es\/wp-json\/wp\/v2\/pages\/4628"}],"wp:attachment":[{"href":"https:\/\/leaders4future.eu\/es\/wp-json\/wp\/v2\/media?parent=10176"}],"curies":[{"name":"wp","href":"https:\/\/api.w.org\/{rel}","templated":true}]}}