{"id":10170,"date":"2026-04-15T06:53:34","date_gmt":"2026-04-15T06:53:34","guid":{"rendered":"https:\/\/leaders4future.eu\/projektresultater\/blended-course-for-youth-workers\/"},"modified":"2026-04-15T07:49:46","modified_gmt":"2026-04-15T07:49:46","slug":"blandet-kurs-for-ungdomsarbeidere","status":"publish","type":"page","link":"https:\/\/leaders4future.eu\/nb-no\/projektresultater\/blandet-kurs-for-ungdomsarbeidere\/","title":{"rendered":"Blandet Kurs For Ungdomsarbeidere"},"content":{"rendered":"\t\t<div data-elementor-type=\"wp-page\" data-elementor-id=\"10170\" class=\"elementor elementor-10170 elementor-10164\" data-elementor-post-type=\"page\">\n\t\t\t\t<div class=\"elementor-element elementor-element-40efaa1 e-flex e-con-boxed e-con e-parent\" data-id=\"40efaa1\" data-element_type=\"container\" data-e-type=\"container\" data-settings=\"{&quot;background_background&quot;:&quot;classic&quot;,&quot;jet_parallax_layout_list&quot;:[]}\">\n\t\t\t\t\t<div class=\"e-con-inner\">\n\t\t<div class=\"elementor-element elementor-element-0a9c85a e-con-full e-flex e-con e-child\" data-id=\"0a9c85a\" data-element_type=\"container\" data-e-type=\"container\" data-settings=\"{&quot;jet_parallax_layout_list&quot;:[]}\">\n\t\t\t\t<div class=\"elementor-element elementor-element-14c51b5 animated-fast elementor-invisible elementor-widget elementor-widget-image\" data-id=\"14c51b5\" data-element_type=\"widget\" data-e-type=\"widget\" data-settings=\"{&quot;_animation&quot;:&quot;fadeInRight&quot;}\" data-widget_type=\"image.default\">\n\t\t\t\t<div class=\"elementor-widget-container\">\n\t\t\t\t\t\t\t\t\t\t\t\t\t\t\t<img fetchpriority=\"high\" decoding=\"async\" width=\"1600\" height=\"1200\" src=\"https:\/\/leaders4future.eu\/wp-content\/uploads\/2026\/04\/Blended-Course.webp\" class=\"attachment-full size-full wp-image-10440\" alt=\"\" srcset=\"https:\/\/leaders4future.eu\/wp-content\/uploads\/2026\/04\/Blended-Course.webp 1600w, https:\/\/leaders4future.eu\/wp-content\/uploads\/2026\/04\/Blended-Course-300x225.webp 300w, https:\/\/leaders4future.eu\/wp-content\/uploads\/2026\/04\/Blended-Course-1024x768.webp 1024w, https:\/\/leaders4future.eu\/wp-content\/uploads\/2026\/04\/Blended-Course-768x576.webp 768w, https:\/\/leaders4future.eu\/wp-content\/uploads\/2026\/04\/Blended-Course-1536x1152.webp 1536w\" sizes=\"(max-width: 1600px) 100vw, 1600px\" \/>\t\t\t\t\t\t\t\t\t\t\t\t\t\t\t<\/div>\n\t\t\t\t<\/div>\n\t\t\t\t<div class=\"elementor-element elementor-element-1c427e5 elementor-widget elementor-widget-text-editor\" data-id=\"1c427e5\" data-element_type=\"widget\" data-e-type=\"widget\" data-widget_type=\"text-editor.default\">\n\t\t\t\t<div class=\"elementor-widget-container\">\n\t\t\t\t\t\t\t\t\t<p>Leaders4Future-konsortiet n\u00e5dde nylig en viktig milep\u00e6l ved \u00e5 gjennomf\u00f8re et omfattende 30-timers blendingskurs i alle syv partnerland: Albania, Bosnia-Hercegovina, Hellas, Kosovo, Montenegro, Norge og Spania. Denne kjerneaktiviteten ble utformet for \u00e5 endre m\u00e5ten ungdomsorganisasjoner st\u00f8tter og veileder unge kvinner p\u00e5 i deres gr\u00fcnderreiser.<\/p><p><strong>V\u00e5re m\u00e5l<\/strong><\/p><p>Hovedm\u00e5let med kurset var \u00e5 styrke ungdomsarbeidernes kompetanse ved \u00e5 utruste dem med b\u00e5de de pedagogiske metodene og den tekniske forretningskompetansen som trengs for \u00e5 veilede unge kvinner p\u00e5 en effektiv m\u00e5te. Kurset fungerte dessuten som den offisielle pilotfasen for de nyutviklede oppl\u00e6ringsmaterialene og ga oss direkte, praksisbaserte tilbakemeldinger fra de fagpersonene som skal bruke dem i felten.<\/p><p><strong>Deltakerne<\/strong><\/p><p>Vi engasjerte 73 sv\u00e6rt motiverte deltakere: ungdomsarbeidere, prosjektmedarbeidere i frivillige organisasjoner, ikke-formelle l\u00e6rere og samfunnsmentorer. For \u00e5 sikre at metodene v\u00e5re er genuint inkluderende lyktes rekrutteringsstrategien med \u00e5 engasjere fagpersoner som enten selv tilh\u00f8rer grupper med f\u00e6rre muligheter eller som jobber direkte med marginaliserte samfunn, deriblant de fra rurale og geografisk isolerte str\u00f8k. 97,3 % av de p\u00e5meldte deltakerne fullf\u00f8rte det krevende 30-timers programmet, noe som vitner om en imponerende innsats.<\/p><p><strong>Kurset<\/strong><\/p><p>For \u00e5 tilpasse seg travle arbeidsplaners krav og fjerne geografiske barrierer benyttet kurset en sv\u00e6rt fleksibel, hybrid l\u00e6ringsmetodikk:<\/p><ul><li><p><strong>Asynkron selvstudium: <\/strong>Deltakerne fikk tilgang til v\u00e5r skreddersydde digitale OER-plattform (\u00c5pne L\u00e6ringsressurser), som lot dem jobbe med mobilvenlige moduler i sitt eget tempo.<\/p><\/li><li><p><strong>Synkrone direktesesjoner: <\/strong>Selvstudiumen ble supplert med live, interaktive sesjoner (b\u00e5de fysisk og digitalt) viet til erfaringsdeling mellom deltakerne, praktiske case-diskusjoner og fellesskapsbygging.<\/p><\/li><li><p><strong>Et todelt pensum: <\/strong>Oppl\u00e6ringen bro mellom teori og praksis med moduler om veiledningsmetoder og emosjonell intelligens for ungdomsarbeidere, samt \u00abklare-til-bruk\u00bb praktiske materialer for unge kvinner om temaer som finansiell leseferdighet og digital virksomhet.<\/p><\/li><\/ul><p><strong>Sentrale temaer<\/strong><\/p><p>Gjennom oppl\u00e6ringen arbeidet deltakerne med viktige begreper som er utformet for \u00e5 flytte st\u00f8ttestrategiene fra uformell r\u00e5dgiving til strukturert, psykologisk myndiggj\u00f8ring. Sentrale temaer inkluderte:<\/p><ul><li><p>Forst\u00e5else av \u00abdobbeltbarrierene\u00bb unge kvinner m\u00f8ter \u2013 spesielt hvordan man kan adressere internaliserte psykologiske hindringer (som frykt for \u00e5 mislykkes og selvtillitsgap) side om side med systemiske og kulturelle barrierer.<\/p><\/li><li><p>Mestring av de europeiske rammeverkene EntreComp og LifeComp for \u00e5 systematisk kartlegge kompetansegap og styrke motstandsdyktighet.<\/p><\/li><li><p>\u00d8velse i strukturerte coachingmetodikker, som GROW-modellen, og oppl\u00e6ring i \u00e5 fasilitere tekniske forretningsverkt\u00f8y som Business Model Canvas og SMART-m\u00e5lsetting.<\/p><\/li><\/ul><p><strong>Veien videre<\/strong><\/p><p>Pilotfasen var vellykket: deltakerne rapporterte om en markant \u00f8kning i faglig selvtillit og veiledningsberedskap. Den konstruktive tilbakemeldingen fra kurset brukes n\u00e5 aktivt til \u00e5 finjustere og forenkle oppl\u00e6ringsressursene f\u00f8r den endelige, \u00e5pne offentlige utgivelsen.<\/p><p>Rustet med disse n\u00e5 validerte verkt\u00f8yene og metodene er de oppl\u00e6rte ungdomsarbeiderne fullt forberedt p\u00e5 neste steg: \u00e5 etablere permanente lokale \u00abst\u00f8ttepunkter\u00bb for direkte \u00e5 veilede og myndiggj\u00f8re aspirerende unge kvinnelige gr\u00fcndere i egne lokalsamfunn.<\/p>\t\t\t\t\t\t\t\t<\/div>\n\t\t\t\t<\/div>\n\t\t\t\t<\/div>\n\t\t\t\t\t<\/div>\n\t\t\t\t<\/div>\n\t\t\t\t<\/div>\n\t\t","protected":false},"excerpt":{"rendered":"<p>Leaders4Future-konsortiet n\u00e5dde nylig en viktig milep\u00e6l ved \u00e5 gjennomf\u00f8re et omfattende 30-timers blendingskurs i alle syv partnerland: Albania, Bosnia-Hercegovina, Hellas, [&hellip;]<\/p>\n","protected":false},"author":1,"featured_media":0,"parent":4960,"menu_order":0,"comment_status":"closed","ping_status":"closed","template":"","meta":{"site-sidebar-layout":"no-sidebar","site-content-layout":"","ast-site-content-layout":"full-width-container","site-content-style":"default","site-sidebar-style":"default","ast-global-header-display":"","ast-banner-title-visibility":"","ast-main-header-display":"","ast-hfb-above-header-display":"","ast-hfb-below-header-display":"","ast-hfb-mobile-header-display":"","site-post-title":"","ast-breadcrumbs-content":"","ast-featured-img":"disabled","footer-sml-layout":"","ast-disable-related-posts":"","theme-transparent-header-meta":"default","adv-header-id-meta":"","stick-header-meta":"","header-above-stick-meta":"","header-main-stick-meta":"","header-below-stick-meta":"","astra-migrate-meta-layouts":"set","ast-page-background-enabled":"default","ast-page-background-meta":{"desktop":{"background-color":"var(--ast-global-color-5)","background-image":"","background-repeat":"repeat","background-position":"center center","background-size":"auto","background-attachment":"scroll","background-type":"","background-media":"","overlay-type":"","overlay-color":"","overlay-opacity":"","overlay-gradient":""},"tablet":{"background-color":"","background-image":"","background-repeat":"repeat","background-position":"center center","background-size":"auto","background-attachment":"scroll","background-type":"","background-media":"","overlay-type":"","overlay-color":"","overlay-opacity":"","overlay-gradient":""},"mobile":{"background-color":"","background-image":"","background-repeat":"repeat","background-position":"center center","background-size":"auto","background-attachment":"scroll","background-type":"","background-media":"","overlay-type":"","overlay-color":"","overlay-opacity":"","overlay-gradient":""}},"ast-content-background-meta":{"desktop":{"background-color":"var(--ast-global-color-4)","background-image":"","background-repeat":"repeat","background-position":"center center","background-size":"auto","background-attachment":"scroll","background-type":"","background-media":"","overlay-type":"","overlay-color":"","overlay-opacity":"","overlay-gradient":""},"tablet":{"background-color":"var(--ast-global-color-4)","background-image":"","background-repeat":"repeat","background-position":"center center","background-size":"auto","background-attachment":"scroll","background-type":"","background-media":"","overlay-type":"","overlay-color":"","overlay-opacity":"","overlay-gradient":""},"mobile":{"background-color":"var(--ast-global-color-4)","background-image":"","background-repeat":"repeat","background-position":"center center","background-size":"auto","background-attachment":"scroll","background-type":"","background-media":"","overlay-type":"","overlay-color":"","overlay-opacity":"","overlay-gradient":""}},"footnotes":""},"class_list":["post-10170","page","type-page","status-publish","hentry"],"_links":{"self":[{"href":"https:\/\/leaders4future.eu\/nb-no\/wp-json\/wp\/v2\/pages\/10170","targetHints":{"allow":["GET"]}}],"collection":[{"href":"https:\/\/leaders4future.eu\/nb-no\/wp-json\/wp\/v2\/pages"}],"about":[{"href":"https:\/\/leaders4future.eu\/nb-no\/wp-json\/wp\/v2\/types\/page"}],"author":[{"embeddable":true,"href":"https:\/\/leaders4future.eu\/nb-no\/wp-json\/wp\/v2\/users\/1"}],"replies":[{"embeddable":true,"href":"https:\/\/leaders4future.eu\/nb-no\/wp-json\/wp\/v2\/comments?post=10170"}],"version-history":[{"count":16,"href":"https:\/\/leaders4future.eu\/nb-no\/wp-json\/wp\/v2\/pages\/10170\/revisions"}],"predecessor-version":[{"id":10584,"href":"https:\/\/leaders4future.eu\/nb-no\/wp-json\/wp\/v2\/pages\/10170\/revisions\/10584"}],"up":[{"embeddable":true,"href":"https:\/\/leaders4future.eu\/nb-no\/wp-json\/wp\/v2\/pages\/4960"}],"wp:attachment":[{"href":"https:\/\/leaders4future.eu\/nb-no\/wp-json\/wp\/v2\/media?parent=10170"}],"curies":[{"name":"wp","href":"https:\/\/api.w.org\/{rel}","templated":true}]}}