{"id":10175,"date":"2026-04-15T06:52:57","date_gmt":"2026-04-15T06:52:57","guid":{"rendered":"https:\/\/leaders4future.eu\/projektresultater\/study-visit-in-norway\/"},"modified":"2026-04-15T07:56:43","modified_gmt":"2026-04-15T07:56:43","slug":"studiebesok-i-norge","status":"publish","type":"page","link":"https:\/\/leaders4future.eu\/nb-no\/projektresultater\/studiebesok-i-norge\/","title":{"rendered":"Studiebes\u00f8k I Norge"},"content":{"rendered":"\t\t<div data-elementor-type=\"wp-page\" data-elementor-id=\"10175\" class=\"elementor elementor-10175 elementor-10162\" data-elementor-post-type=\"page\">\n\t\t\t\t<div class=\"elementor-element elementor-element-5a8c04c e-flex e-con-boxed e-con e-parent\" data-id=\"5a8c04c\" data-element_type=\"container\" data-e-type=\"container\" data-settings=\"{&quot;background_background&quot;:&quot;classic&quot;,&quot;jet_parallax_layout_list&quot;:[]}\">\n\t\t\t\t\t<div class=\"e-con-inner\">\n\t\t<div class=\"elementor-element elementor-element-8efe9ff e-con-full e-flex e-con e-child\" data-id=\"8efe9ff\" data-element_type=\"container\" data-e-type=\"container\" data-settings=\"{&quot;jet_parallax_layout_list&quot;:[]}\">\n\t\t\t\t<div class=\"elementor-element elementor-element-3bed710 animated-fast elementor-invisible elementor-widget elementor-widget-image\" data-id=\"3bed710\" data-element_type=\"widget\" data-e-type=\"widget\" data-settings=\"{&quot;_animation&quot;:&quot;fadeInRight&quot;}\" data-widget_type=\"image.default\">\n\t\t\t\t<div class=\"elementor-widget-container\">\n\t\t\t\t\t\t\t\t\t\t\t\t\t\t\t<img fetchpriority=\"high\" decoding=\"async\" width=\"1024\" height=\"768\" src=\"https:\/\/leaders4future.eu\/wp-content\/uploads\/2026\/04\/Study-Visit-in-Norway.webp\" class=\"attachment-full size-full wp-image-10452\" alt=\"\" srcset=\"https:\/\/leaders4future.eu\/wp-content\/uploads\/2026\/04\/Study-Visit-in-Norway.webp 1024w, https:\/\/leaders4future.eu\/wp-content\/uploads\/2026\/04\/Study-Visit-in-Norway-300x225.webp 300w, https:\/\/leaders4future.eu\/wp-content\/uploads\/2026\/04\/Study-Visit-in-Norway-768x576.webp 768w\" sizes=\"(max-width: 1024px) 100vw, 1024px\" \/>\t\t\t\t\t\t\t\t\t\t\t\t\t\t\t<\/div>\n\t\t\t\t<\/div>\n\t\t\t\t<div class=\"elementor-element elementor-element-01ed24a elementor-widget elementor-widget-text-editor\" data-id=\"01ed24a\" data-element_type=\"widget\" data-e-type=\"widget\" data-widget_type=\"text-editor.default\">\n\t\t\t\t<div class=\"elementor-widget-container\">\n\t\t\t\t\t\t\t\t\t<p><strong>Utforskning av det nordiske innovasjons\u00f8kosystemet: Leaders4Future-studiebes\u00f8k i Oslo<\/strong><\/p><p>Fra 2. til 5. desember 2025 samlet Leaders4Future-konsortiet seg i Oslo til et intensivt studiebes\u00f8k. Arrangert av v\u00e5r norske partner, YYOUTH, lot dette mobilitetsoppholdet partnerskapet fordype seg i et av Europas mest dynamiske gr\u00fcnder\u00f8kosystemer og ga dypg\u00e5ende innsikt i innovasjon, sosial integrering og kvinners \u00f8konomiske myndiggj\u00f8ring.<\/p><p><strong>V\u00e5re m\u00e5l<\/strong><\/p><p>Hovedm\u00e5let med studiebes\u00f8ket var \u00e5 styrke kompetansen til konsortsiets ungdomsarbeidere og undervisere ved \u00e5 eksponere dem direkte for vellykkede gr\u00fcnderpraksis og st\u00f8ttestrukturer. Vi \u00f8nsket \u00e5 legge til rette for kunnskapsoverf\u00f8ring p\u00e5 tvers av landegrensene, fremme nettverk p\u00e5 h\u00f8yt niv\u00e5 og hente ut strategiske l\u00e6rdommer som kan tilpasses og anvendes i S\u00f8r-Europa og Vest-Balkan.<\/p><p><strong>Deltakerne<\/strong><\/p><p>Mobiliteten samlet en mangfoldig delegasjon p\u00e5 21 deltakere, best\u00e5ende av tre representanter fra hver av v\u00e5re syv partnerorganisasjoner i Spania, Hellas, Albania, Kosovo, Bosnia-Hercegovina, Montenegro og Norge. Gruppen besto av ungdomsarbeidere, mentorer, ikke-formelle l\u00e6rere og ledere i ungdomsorganisasjoner.<\/p><p><strong>Bes\u00f8ket<\/strong><\/p><p>Det intensive tre-dagers programmet kombinerte praktiske verksteder, dialoger p\u00e5 h\u00f8yt niv\u00e5 og utforskning av \u00f8kosystemet:<\/p><ul><li><p><strong>Fremme av innovasjon gjennom en Ideathon: <\/strong>Arrangert av Charge Incubator ved Evolve Coworking deltok deltakerne i en dynamisk Ideathon. Unge gr\u00fcndere presenterte ideene sine, og ungdomsarbeiderne samarbeidet i team om \u00e5 utvikle Business Model Canvases for konsepter med sosial innvirkning, blant annet en plattform for sosial integrering av innvandrere.<\/p><\/li><li><p><strong>Navigering av \u00abtillits\u00f8konomien\u00bb: <\/strong>Gjennom m\u00f8te- og utvekslingsesjoner med unge kvinnelige gr\u00fcndere p\u00e5 Mesh Youngstorget utforsket deltakerne de s\u00e6regne utfordringene i norsk forretningskultur. Diskusjonene belyste realitetene ved \u00e5 drive virksomhet i en \u00abtillits\u00f8konomi\u00bb, der det \u00e5 bryte inn i etablerte nettverk er en betydelig hindring \u2013 s\u00e6rlig for ikke-norske gr\u00fcndere.<\/p><\/li><li><p><strong>Politisk dialog p\u00e5 h\u00f8yt niv\u00e5: <\/strong>Delegasjonen ble \u00f8nsket velkommen ved Republiken Kosovos ambassade til en strategisk diskusjon med H.E. ambassad\u00f8r Dr. Nita Luci og ledere i \u00f8kosystemet. Dialogen tok opp strukturelle barrierer som \u00abdobbeltbyrden\u00bb for kvinner og \u00abtilskuddsgr\u00fcnder-fellen\u00bb, og utforsket konsepter som \u00e5 utnytte diasporaen for \u00abhjernegain\u00bb.<\/p><\/li><li><p><strong>\u00d8koystem-utforskning ved Oslo Science Park: <\/strong>Gruppen bes\u00f8kte hjertet av Norges innovasjonsdistrikt, inkludert StartupLab, en ledende teknologiinkubator. Deltakerne fikk oppleve parkens filosofi om \u00abtilfeldig kollisjon\u00bb under nettverksarrangementer og l\u00e6rte \u00e5 bygge bro mellom akademia, forskning og kommersiell virksomhet.<\/p><\/li><\/ul><p><strong>Sentrale temaer<\/strong><\/p><p>Gjennom bes\u00f8ket fremkom flere sentrale temaer som vil prege v\u00e5re fremtidige st\u00f8ttepunkter:<\/p><ul><li><p>Overgangen fra oppstartsbedrifters avhengighet av ideelle tilskudd til b\u00e6rekraftige, kommersielle investeringsmodeller.<\/p><\/li><li><p>N\u00f8dvendigheten av \u00e5 bygge et \u00abinvestors\u00f8sterskap\u00bb for \u00e5 motvirke mannsdominerte finansielle \u00f8kosystemer og hjelpe kvinner til \u00e5 st\u00f8tte andre kvinner.<\/p><\/li><li><p>Viktigheten av \u00e5 adressere b\u00e5de den strukturelle diskrimineringen av kvinner og de internaliserte barrierene som hemmer samarbeid.<\/p><\/li><\/ul><p><strong>Veien videre: \u00abnorske l\u00e6rdommer\u00bb hjem<\/strong><\/p><p>Fremover vil de 21 oppl\u00e6rte ungdomsarbeiderne fungere som multiplikatorer og bringe disse \u00abnorske l\u00e6rdomme\u00bb tilbake til sine lokalmilj\u00f8er gjennom verksteder og de kommende Leaders4Future-st\u00f8ttepunktene.<\/p>\t\t\t\t\t\t\t\t<\/div>\n\t\t\t\t<\/div>\n\t\t\t\t<\/div>\n\t\t\t\t\t<\/div>\n\t\t\t\t<\/div>\n\t\t\t\t<\/div>\n\t\t","protected":false},"excerpt":{"rendered":"<p>Utforskning av det nordiske innovasjons\u00f8kosystemet: Leaders4Future-studiebes\u00f8k i Oslo Fra 2. til 5. desember 2025 samlet Leaders4Future-konsortiet seg i Oslo til [&hellip;]<\/p>\n","protected":false},"author":1,"featured_media":0,"parent":4960,"menu_order":0,"comment_status":"closed","ping_status":"closed","template":"","meta":{"site-sidebar-layout":"no-sidebar","site-content-layout":"","ast-site-content-layout":"full-width-container","site-content-style":"default","site-sidebar-style":"default","ast-global-header-display":"","ast-banner-title-visibility":"","ast-main-header-display":"","ast-hfb-above-header-display":"","ast-hfb-below-header-display":"","ast-hfb-mobile-header-display":"","site-post-title":"","ast-breadcrumbs-content":"","ast-featured-img":"disabled","footer-sml-layout":"","ast-disable-related-posts":"","theme-transparent-header-meta":"default","adv-header-id-meta":"","stick-header-meta":"","header-above-stick-meta":"","header-main-stick-meta":"","header-below-stick-meta":"","astra-migrate-meta-layouts":"set","ast-page-background-enabled":"default","ast-page-background-meta":{"desktop":{"background-color":"var(--ast-global-color-5)","background-image":"","background-repeat":"repeat","background-position":"center center","background-size":"auto","background-attachment":"scroll","background-type":"","background-media":"","overlay-type":"","overlay-color":"","overlay-opacity":"","overlay-gradient":""},"tablet":{"background-color":"","background-image":"","background-repeat":"repeat","background-position":"center center","background-size":"auto","background-attachment":"scroll","background-type":"","background-media":"","overlay-type":"","overlay-color":"","overlay-opacity":"","overlay-gradient":""},"mobile":{"background-color":"","background-image":"","background-repeat":"repeat","background-position":"center center","background-size":"auto","background-attachment":"scroll","background-type":"","background-media":"","overlay-type":"","overlay-color":"","overlay-opacity":"","overlay-gradient":""}},"ast-content-background-meta":{"desktop":{"background-color":"var(--ast-global-color-4)","background-image":"","background-repeat":"repeat","background-position":"center center","background-size":"auto","background-attachment":"scroll","background-type":"","background-media":"","overlay-type":"","overlay-color":"","overlay-opacity":"","overlay-gradient":""},"tablet":{"background-color":"var(--ast-global-color-4)","background-image":"","background-repeat":"repeat","background-position":"center center","background-size":"auto","background-attachment":"scroll","background-type":"","background-media":"","overlay-type":"","overlay-color":"","overlay-opacity":"","overlay-gradient":""},"mobile":{"background-color":"var(--ast-global-color-4)","background-image":"","background-repeat":"repeat","background-position":"center center","background-size":"auto","background-attachment":"scroll","background-type":"","background-media":"","overlay-type":"","overlay-color":"","overlay-opacity":"","overlay-gradient":""}},"footnotes":""},"class_list":["post-10175","page","type-page","status-publish","hentry"],"_links":{"self":[{"href":"https:\/\/leaders4future.eu\/nb-no\/wp-json\/wp\/v2\/pages\/10175","targetHints":{"allow":["GET"]}}],"collection":[{"href":"https:\/\/leaders4future.eu\/nb-no\/wp-json\/wp\/v2\/pages"}],"about":[{"href":"https:\/\/leaders4future.eu\/nb-no\/wp-json\/wp\/v2\/types\/page"}],"author":[{"embeddable":true,"href":"https:\/\/leaders4future.eu\/nb-no\/wp-json\/wp\/v2\/users\/1"}],"replies":[{"embeddable":true,"href":"https:\/\/leaders4future.eu\/nb-no\/wp-json\/wp\/v2\/comments?post=10175"}],"version-history":[{"count":13,"href":"https:\/\/leaders4future.eu\/nb-no\/wp-json\/wp\/v2\/pages\/10175\/revisions"}],"predecessor-version":[{"id":10600,"href":"https:\/\/leaders4future.eu\/nb-no\/wp-json\/wp\/v2\/pages\/10175\/revisions\/10600"}],"up":[{"embeddable":true,"href":"https:\/\/leaders4future.eu\/nb-no\/wp-json\/wp\/v2\/pages\/4960"}],"wp:attachment":[{"href":"https:\/\/leaders4future.eu\/nb-no\/wp-json\/wp\/v2\/media?parent=10175"}],"curies":[{"name":"wp","href":"https:\/\/api.w.org\/{rel}","templated":true}]}}