{"id":10172,"date":"2026-04-15T06:52:57","date_gmt":"2026-04-15T06:52:57","guid":{"rendered":"https:\/\/leaders4future.eu\/rezultatet-e-projektit\/study-visit-in-norway\/"},"modified":"2026-04-15T08:08:51","modified_gmt":"2026-04-15T08:08:51","slug":"vizita-studimore-ne-norvegji","status":"publish","type":"page","link":"https:\/\/leaders4future.eu\/sq\/rezultatet-e-projektit\/vizita-studimore-ne-norvegji\/","title":{"rendered":"Vizita Studimore N\u00eb Norvegji"},"content":{"rendered":"\t\t<div data-elementor-type=\"wp-page\" data-elementor-id=\"10172\" class=\"elementor elementor-10172 elementor-10162\" data-elementor-post-type=\"page\">\n\t\t\t\t<div class=\"elementor-element elementor-element-5a8c04c e-flex e-con-boxed e-con e-parent\" data-id=\"5a8c04c\" data-element_type=\"container\" data-e-type=\"container\" data-settings=\"{&quot;background_background&quot;:&quot;classic&quot;,&quot;jet_parallax_layout_list&quot;:[]}\">\n\t\t\t\t\t<div class=\"e-con-inner\">\n\t\t<div class=\"elementor-element elementor-element-8efe9ff e-con-full e-flex e-con e-child\" data-id=\"8efe9ff\" data-element_type=\"container\" data-e-type=\"container\" data-settings=\"{&quot;jet_parallax_layout_list&quot;:[]}\">\n\t\t\t\t<div class=\"elementor-element elementor-element-3bed710 animated-fast elementor-invisible elementor-widget elementor-widget-image\" data-id=\"3bed710\" data-element_type=\"widget\" data-e-type=\"widget\" data-settings=\"{&quot;_animation&quot;:&quot;fadeInRight&quot;}\" data-widget_type=\"image.default\">\n\t\t\t\t<div class=\"elementor-widget-container\">\n\t\t\t\t\t\t\t\t\t\t\t\t\t\t\t<img fetchpriority=\"high\" decoding=\"async\" width=\"1024\" height=\"768\" src=\"https:\/\/leaders4future.eu\/wp-content\/uploads\/2026\/04\/Study-Visit-in-Norway.webp\" class=\"attachment-full size-full wp-image-10449\" alt=\"\" srcset=\"https:\/\/leaders4future.eu\/wp-content\/uploads\/2026\/04\/Study-Visit-in-Norway.webp 1024w, https:\/\/leaders4future.eu\/wp-content\/uploads\/2026\/04\/Study-Visit-in-Norway-300x225.webp 300w, https:\/\/leaders4future.eu\/wp-content\/uploads\/2026\/04\/Study-Visit-in-Norway-768x576.webp 768w\" sizes=\"(max-width: 1024px) 100vw, 1024px\" \/>\t\t\t\t\t\t\t\t\t\t\t\t\t\t\t<\/div>\n\t\t\t\t<\/div>\n\t\t\t\t<div class=\"elementor-element elementor-element-01ed24a elementor-widget elementor-widget-text-editor\" data-id=\"01ed24a\" data-element_type=\"widget\" data-e-type=\"widget\" data-widget_type=\"text-editor.default\">\n\t\t\t\t<div class=\"elementor-widget-container\">\n\t\t\t\t\t\t\t\t\t<p><strong>Eksplorimi i ekosistemit nordik t\u00eb inovacionit: vizita studimore e Leaders4Future n\u00eb Oslo<\/strong><\/p><p>Nga data 2 deri m\u00eb 5 dhjetor 2025, konsorciumit Leaders4Future u mblodh n\u00eb Oslo p\u00ebr nj\u00eb vizit\u00eb studimore intensive. E organizuar nga partneri yn\u00eb norvegjez, YYOUTH, kjo mobilitete e njohu partneritetin ton\u00eb me nj\u00eb nga ekosisteme sip\u00ebrmarr\u00ebse m\u00eb dinamike t\u00eb Europ\u00ebs, duke ofruar njohuri t\u00eb thella mbi inovacionin, integrimin social dhe fuqizimin ekonomik t\u00eb grave.<\/p><p><strong>Objektivat tona<\/strong><\/p><p>Q\u00ebllimi kryesor i vizit\u00ebs studimore ishte nd\u00ebrtimi i kapaciteteve t\u00eb pun\u00ebtor\u00ebve t\u00eb rinj dhe edukator\u00ebve t\u00eb konsorciumit duke i ekspozuar drejtp\u00ebrdrejt ndaj praktikave dhe strukturave mb\u00ebshtet\u00ebse sip\u00ebrmarr\u00ebse t\u00eb suksesshme. Synuam t\u00eb leht\u00ebsonim transferimin e njohurive nd\u00ebrkufitar, t\u00eb nxisim rrjet\u00ebzim t\u00eb nivelit t\u00eb lart\u00eb dhe t\u00eb grumbullonim m\u00ebsime strategjike t\u00eb cilat mund t\u00eb adaptohen dhe zbatohen n\u00eb Europ\u00ebn Jugore dhe Ballkanin Per\u00ebndimor.<\/p><p><strong>Pjes\u00ebmarr\u00ebsit<\/strong><\/p><p>Mobiliteti angazhoi nj\u00eb delegacion t\u00eb larmish\u00ebm prej 21 pjes\u00ebmarr\u00ebsish, t\u00eb p\u00ebrb\u00ebr\u00eb nga tre p\u00ebrfaq\u00ebsues nga secila prej shtat\u00eb organizatave partnere nga Spanja, Greqia, Shqip\u00ebria, Kosova, Bosnj\u00eb e Hercegovina, Mali i Zi dhe Norvegjia. Grupi p\u00ebrfshinte pun\u00ebtor\u00eb t\u00eb rinj, mentor\u00eb, edukator\u00eb joformale dhe drejtor\u00eb t\u00eb organizatave rinore.<\/p><p><strong>Vizita<\/strong><\/p><p>Axhenda intensive treditore kombinoi pun\u00ebtori praktike, dialog\u00eb t\u00eb nivelit t\u00eb lart\u00eb dhe eksplorimin e ekosistemit:<\/p><ul><li><p><strong>Nxitja e inovacionit n\u00ebp\u00ebrmjet nj\u00eb Ideathon: <\/strong>I organizuar nga Charge Incubator n\u00eb Evolve Coworking, pjes\u00ebmarr\u00ebsit u angazhuan n\u00eb nj\u00eb Ideathon dinamik. Sip\u00ebrmarr\u00ebsit e rinj prezantuan idet\u00eb e tyre dhe pun\u00ebtor\u00ebt tan\u00eb t\u00eb rinj bashk\u00ebpunuan n\u00eb ekipe p\u00ebr t\u00eb zhvilluar Business Model Canvases p\u00ebr koncepte me ndikim shoq\u00ebror, si nj\u00eb platform\u00eb p\u00ebr integrimin social t\u00eb emigrant\u00ebve.<\/p><\/li><li><p><strong>Navigimi i \u00abEkonomis\u00eb s\u00eb Besimit\u00bb: <\/strong>N\u00ebp\u00ebrmjet sesioneve t\u00eb takimeve dhe shk\u00ebmbimeve me themeluese t\u00eb reja femra biznesi n\u00eb Mesh Youngstorget, pjes\u00ebmarr\u00ebsit eksploruan sfidat unike t\u00eb kultur\u00ebs s\u00eb biznesit norvegjez. Diskutimet nxor\u00ebn n\u00eb pah realitetet e operimit n\u00eb nj\u00eb \u00abEkonomi Besimi\u00bb, ku dep\u00ebrtimi n\u00eb rrjetet e vendosura \u00ebsht\u00eb nj\u00eb penges\u00eb e konsiderueshme, ve\u00e7an\u00ebrisht p\u00ebr sip\u00ebrmarr\u00ebsit jo vendas.<\/p><\/li><li><p><strong>Dialog i nivelit t\u00eb lart\u00eb politik: <\/strong>Delegacioni u prit n\u00eb Ambasad\u00ebn e Republik\u00ebs s\u00eb Kosov\u00ebs p\u00ebr nj\u00eb diskutim strategjik me S.E. Ambasadoren Dr. Nita Luci dhe drejtuesit e ekosistemit. Dialogu trajtoi barrierat strukturore si \u00abbarra e dyfisht\u00eb\u00bb p\u00ebr grat\u00eb dhe \u00abkurtha e sip\u00ebrmarr\u00ebsit grant\u00bb, nd\u00ebrkoh\u00eb q\u00eb eksploroi koncepte si shfryt\u00ebzimi i diaspor\u00ebs p\u00ebr \u00abBrain Gain\u00bb.<\/p><\/li><li><p><strong>Eksplorimi i ekosistemit n\u00eb Oslo Science Park: <\/strong>Grupi vizitoi zemr\u00ebn e rrethit t\u00eb inovacionit t\u00eb Norvegjis\u00eb, duke p\u00ebrfshir\u00eb StartupLab, nj\u00eb inkubator kryesor teknologjik. Pjes\u00ebmarr\u00ebsit p\u00ebrjetuan filozofin\u00eb e \u00abndeshjes rast\u00ebsore\u00bb t\u00eb parkut gjat\u00eb eventeve t\u00eb rrjet\u00ebzimit, duke m\u00ebsuar si t\u00eb kap\u00ebrcejn\u00eb hendekun mes akademis\u00eb, k\u00ebrkimit dhe nd\u00ebrmarrjes komerciale.<\/p><\/li><\/ul><p><strong>Temat kryesore t\u00eb eksploruara<\/strong><\/p><p>Gjat\u00eb gjith\u00eb vizit\u00ebs, u shfaq\u00ebn disa tema kritike q\u00eb do t\u00eb form\u00ebsojn\u00eb pikat tona mb\u00ebshtet\u00ebse t\u00eb ardhshme:<\/p><ul><li><p>Kalimi i startup-eve nga mb\u00ebshtetja te grantet jo-fitimprur\u00ebse drejt modeleve t\u00eb investimeve komerciale t\u00eb q\u00ebndrueshme.<\/p><\/li><li><p>Domosdoshm\u00ebria e nd\u00ebrtimit t\u00eb nj\u00eb \u00abMot\u00ebrisie Investitoresh\u00bb p\u00ebr t\u00eb kund\u00ebrvepruar ekosistemeve financiare t\u00eb dominuara nga meshkujt dhe p\u00ebr t&#8217;i ndihmuar grat\u00eb t\u00eb mb\u00ebshtesin grat\u00eb e tjera.<\/p><\/li><li><p>R\u00ebnd\u00ebsia e adresimit si t\u00eb paragjykimeve strukturore ndaj grave, ashtu edhe t\u00eb barrierave t\u00eb internalizuara q\u00eb pengojn\u00eb bashk\u00ebpunimin.<\/p><\/li><\/ul><p><strong>Duke par\u00eb p\u00ebrpara: sjellja e \u00abm\u00ebsimeve norvegjeze\u00bb n\u00eb sht\u00ebpi<\/strong><\/p><p>Duke ecur p\u00ebrpara, 21 pun\u00ebtor\u00ebt e rinj t\u00eb trajnuar do t\u00eb veprojn\u00eb si shum\u00ebzues, duke sjell\u00eb k\u00ebto \u00abm\u00ebsime norvegjeze\u00bb s\u00ebrish te komunitetet e tyre lokale n\u00ebp\u00ebrmjet pun\u00ebtorive dhe Pikave Mb\u00ebshtet\u00ebse t\u00eb ardhshme t\u00eb Leaders4Future.<\/p>\t\t\t\t\t\t\t\t<\/div>\n\t\t\t\t<\/div>\n\t\t\t\t<\/div>\n\t\t\t\t\t<\/div>\n\t\t\t\t<\/div>\n\t\t\t\t<\/div>\n\t\t","protected":false},"excerpt":{"rendered":"<p>Eksplorimi i ekosistemit nordik t\u00eb inovacionit: vizita studimore e Leaders4Future n\u00eb Oslo Nga data 2 deri m\u00eb 5 dhjetor 2025, [&hellip;]<\/p>\n","protected":false},"author":1,"featured_media":0,"parent":4645,"menu_order":0,"comment_status":"closed","ping_status":"closed","template":"","meta":{"site-sidebar-layout":"no-sidebar","site-content-layout":"","ast-site-content-layout":"full-width-container","site-content-style":"default","site-sidebar-style":"default","ast-global-header-display":"","ast-banner-title-visibility":"","ast-main-header-display":"","ast-hfb-above-header-display":"","ast-hfb-below-header-display":"","ast-hfb-mobile-header-display":"","site-post-title":"","ast-breadcrumbs-content":"","ast-featured-img":"disabled","footer-sml-layout":"","ast-disable-related-posts":"","theme-transparent-header-meta":"default","adv-header-id-meta":"","stick-header-meta":"","header-above-stick-meta":"","header-main-stick-meta":"","header-below-stick-meta":"","astra-migrate-meta-layouts":"set","ast-page-background-enabled":"default","ast-page-background-meta":{"desktop":{"background-color":"var(--ast-global-color-5)","background-image":"","background-repeat":"repeat","background-position":"center center","background-size":"auto","background-attachment":"scroll","background-type":"","background-media":"","overlay-type":"","overlay-color":"","overlay-opacity":"","overlay-gradient":""},"tablet":{"background-color":"","background-image":"","background-repeat":"repeat","background-position":"center center","background-size":"auto","background-attachment":"scroll","background-type":"","background-media":"","overlay-type":"","overlay-color":"","overlay-opacity":"","overlay-gradient":""},"mobile":{"background-color":"","background-image":"","background-repeat":"repeat","background-position":"center center","background-size":"auto","background-attachment":"scroll","background-type":"","background-media":"","overlay-type":"","overlay-color":"","overlay-opacity":"","overlay-gradient":""}},"ast-content-background-meta":{"desktop":{"background-color":"var(--ast-global-color-4)","background-image":"","background-repeat":"repeat","background-position":"center center","background-size":"auto","background-attachment":"scroll","background-type":"","background-media":"","overlay-type":"","overlay-color":"","overlay-opacity":"","overlay-gradient":""},"tablet":{"background-color":"var(--ast-global-color-4)","background-image":"","background-repeat":"repeat","background-position":"center center","background-size":"auto","background-attachment":"scroll","background-type":"","background-media":"","overlay-type":"","overlay-color":"","overlay-opacity":"","overlay-gradient":""},"mobile":{"background-color":"var(--ast-global-color-4)","background-image":"","background-repeat":"repeat","background-position":"center center","background-size":"auto","background-attachment":"scroll","background-type":"","background-media":"","overlay-type":"","overlay-color":"","overlay-opacity":"","overlay-gradient":""}},"footnotes":""},"class_list":["post-10172","page","type-page","status-publish","hentry"],"_links":{"self":[{"href":"https:\/\/leaders4future.eu\/sq\/wp-json\/wp\/v2\/pages\/10172","targetHints":{"allow":["GET"]}}],"collection":[{"href":"https:\/\/leaders4future.eu\/sq\/wp-json\/wp\/v2\/pages"}],"about":[{"href":"https:\/\/leaders4future.eu\/sq\/wp-json\/wp\/v2\/types\/page"}],"author":[{"embeddable":true,"href":"https:\/\/leaders4future.eu\/sq\/wp-json\/wp\/v2\/users\/1"}],"replies":[{"embeddable":true,"href":"https:\/\/leaders4future.eu\/sq\/wp-json\/wp\/v2\/comments?post=10172"}],"version-history":[{"count":13,"href":"https:\/\/leaders4future.eu\/sq\/wp-json\/wp\/v2\/pages\/10172\/revisions"}],"predecessor-version":[{"id":10626,"href":"https:\/\/leaders4future.eu\/sq\/wp-json\/wp\/v2\/pages\/10172\/revisions\/10626"}],"up":[{"embeddable":true,"href":"https:\/\/leaders4future.eu\/sq\/wp-json\/wp\/v2\/pages\/4645"}],"wp:attachment":[{"href":"https:\/\/leaders4future.eu\/sq\/wp-json\/wp\/v2\/media?parent=10172"}],"curies":[{"name":"wp","href":"https:\/\/api.w.org\/{rel}","templated":true}]}}