{"id":10177,"date":"2026-04-15T06:52:24","date_gmt":"2026-04-15T06:52:24","guid":{"rendered":"https:\/\/leaders4future.eu\/rezultatet-e-projektit\/focus-groups\/"},"modified":"2026-04-15T08:09:47","modified_gmt":"2026-04-15T08:09:47","slug":"grupet-e-fokusit","status":"publish","type":"page","link":"https:\/\/leaders4future.eu\/sq\/rezultatet-e-projektit\/grupet-e-fokusit\/","title":{"rendered":"Grupet E Fokusit"},"content":{"rendered":"\t\t<div data-elementor-type=\"wp-page\" data-elementor-id=\"10177\" class=\"elementor elementor-10177 elementor-10160\" data-elementor-post-type=\"page\">\n\t\t\t\t<div class=\"elementor-element elementor-element-cf368bf e-flex e-con-boxed e-con e-parent\" data-id=\"cf368bf\" data-element_type=\"container\" data-e-type=\"container\" data-settings=\"{&quot;background_background&quot;:&quot;classic&quot;,&quot;jet_parallax_layout_list&quot;:[]}\">\n\t\t\t\t\t<div class=\"e-con-inner\">\n\t\t<div class=\"elementor-element elementor-element-533b0a1 e-con-full e-flex e-con e-child\" data-id=\"533b0a1\" data-element_type=\"container\" data-e-type=\"container\" data-settings=\"{&quot;jet_parallax_layout_list&quot;:[]}\">\n\t\t\t\t<div class=\"elementor-element elementor-element-5e7172d animated-fast elementor-invisible elementor-widget elementor-widget-image\" data-id=\"5e7172d\" data-element_type=\"widget\" data-e-type=\"widget\" data-settings=\"{&quot;_animation&quot;:&quot;fadeInRight&quot;}\" data-widget_type=\"image.default\">\n\t\t\t\t<div class=\"elementor-widget-container\">\n\t\t\t\t\t\t\t\t\t\t\t\t\t\t\t<img fetchpriority=\"high\" decoding=\"async\" width=\"1161\" height=\"1221\" src=\"https:\/\/leaders4future.eu\/wp-content\/uploads\/2026\/04\/Focus-Groups.webp\" class=\"attachment-full size-full wp-image-10443\" alt=\"\" srcset=\"https:\/\/leaders4future.eu\/wp-content\/uploads\/2026\/04\/Focus-Groups.webp 1161w, https:\/\/leaders4future.eu\/wp-content\/uploads\/2026\/04\/Focus-Groups-285x300.webp 285w, https:\/\/leaders4future.eu\/wp-content\/uploads\/2026\/04\/Focus-Groups-974x1024.webp 974w, https:\/\/leaders4future.eu\/wp-content\/uploads\/2026\/04\/Focus-Groups-768x808.webp 768w\" sizes=\"(max-width: 1161px) 100vw, 1161px\" \/>\t\t\t\t\t\t\t\t\t\t\t\t\t\t\t<\/div>\n\t\t\t\t<\/div>\n\t\t\t\t<div class=\"elementor-element elementor-element-d96837a elementor-widget elementor-widget-text-editor\" data-id=\"d96837a\" data-element_type=\"widget\" data-e-type=\"widget\" data-widget_type=\"text-editor.default\">\n\t\t\t\t<div class=\"elementor-widget-container\">\n\t\t\t\t\t\t\t\t\t<p>Konsorciumit Leaders4Future organizoi me sukses nj\u00eb seri sesionesh dinamike t\u00eb grupeve t\u00eb fokusit n\u00eb t\u00eb shtat\u00eb vendet partnere: Norvegji, Shqip\u00ebri, Greqi, Spanj\u00eb, Bosnj\u00eb e Hercegovin\u00eb, Mal i Zi dhe Kosov\u00eb. Kjo aktivitet baz\u00eb u projektua p\u00ebr t\u00eb identifikuar pengesat psikologjike dhe ato t\u00eb aft\u00ebsive q\u00eb hasim n\u00eb bot\u00ebn reale, me t\u00eb cilat p\u00ebrballet grat\u00eb e reja kur mendojn\u00eb t\u00eb fillojn\u00eb biznesin e tyre.<\/p><p><strong>Objektivat tona<\/strong><\/p><p>Q\u00ebllimi kryesor i k\u00ebtyre sesioneve ishte thellimi i kuptimit ton\u00eb p\u00ebr nevojat specifike, sfidat dhe barrierat q\u00eb pengojn\u00eb grat\u00eb e reja t\u00eb hapin bizneset e tyre. P\u00ebr m\u00eb tep\u00ebr, grupet e fokusit sh\u00ebrbyen si nj\u00eb platform\u00eb praktike jetike p\u00ebr pilotimin e Instrumentit t\u00eb Vet\u00ebvler\u00ebsimit t\u00eb sapozhvilluar nga projekti. Duke testuar instrumentin drejtp\u00ebrdrejt me p\u00ebrdoruesat e synuara, mblodh\u00ebm reagime vendimtare p\u00ebr t\u00eb siguruar q\u00eb ai t\u00eb jet\u00eb i qart\u00eb, i r\u00ebnd\u00ebsish\u00ebm dhe kulturalisht i adaptuesh\u00ebm para l\u00ebshimit t\u00eb tij final publik.<\/p><p><strong>Pjes\u00ebmarr\u00ebset<\/strong><\/p><p>Angazhuam gjithsej 70 gra t\u00eb reja (10 p\u00ebr vend), me mosh\u00eb nd\u00ebrmjet 18 dhe 30 vje\u00e7e. P\u00ebr t\u00eb siguruar nj\u00eb dialog t\u00eb pasur, gjith\u00ebp\u00ebrfshir\u00ebs dhe me p\u00ebrfaq\u00ebsim t\u00eb gjer\u00eb, procesi i p\u00ebrzgjedhjes i dha prioritet t\u00eb fort\u00eb diversitetit. Grupet bashkuan gra me nivele t\u00eb ndryshme p\u00ebrvoje sip\u00ebrmarr\u00ebse pran\u00eb individ\u00ebve nga sfondet prioritare, duke p\u00ebrfshir\u00eb sip\u00ebrmarr\u00ebse t\u00eb gjenerat\u00ebs s\u00eb par\u00eb, gra nga zonat rurale, t\u00eb rinj jasht\u00eb pun\u00ebsimit, arsimit dhe trajnimit (NEET) si dhe persona me sfond migrant\u00ebsh ose me aft\u00ebsi t\u00eb kufizuara.<\/p><p>\u00c7do sesion dyditor u projektua me kujdes p\u00ebr t\u00eb ofruar nj\u00eb hap\u00ebsir\u00eb t\u00eb sigurt dhe bashk\u00ebpunuese, duke u zhvilluar n\u00eb tre faza kryesore:<\/p><ul><li><p><strong>Pilotimi i instrumentit: <\/strong>Pjes\u00ebmarr\u00ebset plot\u00ebsuan individualisht Instrumentin e Vet\u00ebvler\u00ebsimit dhe dhan\u00eb reagime direkte mbi p\u00ebrdorshm\u00ebrin\u00eb dhe r\u00ebnd\u00ebsin\u00eb e tij.<\/p><\/li><li><p><strong>Diskutim i hapur: <\/strong>Duke p\u00ebrdorur teknikat e rr\u00ebfimit dhe nj\u00eb format gjysm\u00eb t\u00eb strukturuar, leht\u00ebsuesit udh\u00ebhoq\u00ebn nj\u00eb bised\u00eb nd\u00ebrvepruese q\u00eb inkurajoi pjes\u00ebmarr\u00ebset t\u00eb ndanin narrativat e tyre personale dhe p\u00ebrvojat e jet\u00ebs reale.<\/p><\/li><li><p><strong>Reflektim: <\/strong>Nj\u00eb mbyllje finale u dha pjes\u00ebmarr\u00ebseve mund\u00ebsin\u00eb t\u00eb ndajn\u00eb mendimet p\u00ebrmbyll\u00ebse dhe t\u00eb vler\u00ebsonin sesionin n\u00eb t\u00ebr\u00ebsi.<\/p><\/li><\/ul><p>Diskutimet e gjalla n\u00eb tryez\u00eb t\u00eb rrumbullak\u00ebt u mund\u00ebsuan grave t\u00eb reja t\u00eb shprehin shqet\u00ebsimet dhe nevojat e tyre n\u00eb disa tema kritike:<\/p><ul><li><p>Gjinia, sfidat kulturore dhe pritshm\u00ebrit\u00eb shoq\u00ebrore.<\/p><\/li><li><p>Aksesi n\u00eb ekosistemit sip\u00ebrmarr\u00ebs, financimin dhe institucionet mb\u00ebshtet\u00ebse.<\/p><\/li><li><p>Nevoja e thell\u00eb p\u00ebr mb\u00ebshtetje emocionale, ndjenj\u00ebn e p\u00ebrkat\u00ebsis\u00eb n\u00eb komunitet dhe modele frym\u00ebzuese fem\u00ebrore.<\/p><\/li><li><p>Pengesat praktike dhe strukturore, si navigimi i burokracis\u00eb, marketingu dhe barrierat gjuh\u00ebsore.<\/p><\/li><\/ul><p>K\u00ebto grupe fokusi jan\u00eb themeli i veprimeve tona t\u00eb ardhshme. Njohurit\u00eb cil\u00ebsore t\u00eb \u00e7muara t\u00eb mbledhura nga k\u00ebto 70 gra t\u00eb reja jan\u00eb sintetizuar n\u00eb Raportin ton\u00eb gjith\u00ebp\u00ebrfshir\u00ebs \u00abThyerja e Barrierave\u00bb. M\u00eb e r\u00ebnd\u00ebsishmja, z\u00ebrat e tyre dhe nevojat specifike do t\u00eb form\u00ebsojn\u00eb drejtp\u00ebrdrejt materialet praktike t\u00eb trajnimit, pun\u00ebtorit\u00eb dhe programet e mentorimit q\u00eb Leaders4Future do t\u00eb vendos\u00eb n\u00eb muajt e ardhsh\u00ebm, duke siguruar q\u00eb mekanizmat tan\u00eb t\u00eb mb\u00ebshtetjes t\u00eb jen\u00eb sinqerisht t\u00eb rr\u00ebnjosura n\u00eb p\u00ebrvojat e tyre reale.<\/p>\t\t\t\t\t\t\t\t<\/div>\n\t\t\t\t<\/div>\n\t\t\t\t<\/div>\n\t\t\t\t\t<\/div>\n\t\t\t\t<\/div>\n\t\t\t\t<\/div>\n\t\t","protected":false},"excerpt":{"rendered":"<p>Konsorciumit Leaders4Future organizoi me sukses nj\u00eb seri sesionesh dinamike t\u00eb grupeve t\u00eb fokusit n\u00eb t\u00eb shtat\u00eb vendet partnere: Norvegji, Shqip\u00ebri, [&hellip;]<\/p>\n","protected":false},"author":1,"featured_media":0,"parent":4645,"menu_order":0,"comment_status":"closed","ping_status":"closed","template":"","meta":{"site-sidebar-layout":"no-sidebar","site-content-layout":"","ast-site-content-layout":"full-width-container","site-content-style":"default","site-sidebar-style":"default","ast-global-header-display":"","ast-banner-title-visibility":"","ast-main-header-display":"","ast-hfb-above-header-display":"","ast-hfb-below-header-display":"","ast-hfb-mobile-header-display":"","site-post-title":"","ast-breadcrumbs-content":"","ast-featured-img":"disabled","footer-sml-layout":"","ast-disable-related-posts":"","theme-transparent-header-meta":"default","adv-header-id-meta":"","stick-header-meta":"","header-above-stick-meta":"","header-main-stick-meta":"","header-below-stick-meta":"","astra-migrate-meta-layouts":"set","ast-page-background-enabled":"default","ast-page-background-meta":{"desktop":{"background-color":"var(--ast-global-color-5)","background-image":"","background-repeat":"repeat","background-position":"center center","background-size":"auto","background-attachment":"scroll","background-type":"","background-media":"","overlay-type":"","overlay-color":"","overlay-opacity":"","overlay-gradient":""},"tablet":{"background-color":"","background-image":"","background-repeat":"repeat","background-position":"center center","background-size":"auto","background-attachment":"scroll","background-type":"","background-media":"","overlay-type":"","overlay-color":"","overlay-opacity":"","overlay-gradient":""},"mobile":{"background-color":"","background-image":"","background-repeat":"repeat","background-position":"center center","background-size":"auto","background-attachment":"scroll","background-type":"","background-media":"","overlay-type":"","overlay-color":"","overlay-opacity":"","overlay-gradient":""}},"ast-content-background-meta":{"desktop":{"background-color":"var(--ast-global-color-4)","background-image":"","background-repeat":"repeat","background-position":"center center","background-size":"auto","background-attachment":"scroll","background-type":"","background-media":"","overlay-type":"","overlay-color":"","overlay-opacity":"","overlay-gradient":""},"tablet":{"background-color":"var(--ast-global-color-4)","background-image":"","background-repeat":"repeat","background-position":"center center","background-size":"auto","background-attachment":"scroll","background-type":"","background-media":"","overlay-type":"","overlay-color":"","overlay-opacity":"","overlay-gradient":""},"mobile":{"background-color":"var(--ast-global-color-4)","background-image":"","background-repeat":"repeat","background-position":"center center","background-size":"auto","background-attachment":"scroll","background-type":"","background-media":"","overlay-type":"","overlay-color":"","overlay-opacity":"","overlay-gradient":""}},"footnotes":""},"class_list":["post-10177","page","type-page","status-publish","hentry"],"_links":{"self":[{"href":"https:\/\/leaders4future.eu\/sq\/wp-json\/wp\/v2\/pages\/10177","targetHints":{"allow":["GET"]}}],"collection":[{"href":"https:\/\/leaders4future.eu\/sq\/wp-json\/wp\/v2\/pages"}],"about":[{"href":"https:\/\/leaders4future.eu\/sq\/wp-json\/wp\/v2\/types\/page"}],"author":[{"embeddable":true,"href":"https:\/\/leaders4future.eu\/sq\/wp-json\/wp\/v2\/users\/1"}],"replies":[{"embeddable":true,"href":"https:\/\/leaders4future.eu\/sq\/wp-json\/wp\/v2\/comments?post=10177"}],"version-history":[{"count":40,"href":"https:\/\/leaders4future.eu\/sq\/wp-json\/wp\/v2\/pages\/10177\/revisions"}],"predecessor-version":[{"id":10632,"href":"https:\/\/leaders4future.eu\/sq\/wp-json\/wp\/v2\/pages\/10177\/revisions\/10632"}],"up":[{"embeddable":true,"href":"https:\/\/leaders4future.eu\/sq\/wp-json\/wp\/v2\/pages\/4645"}],"wp:attachment":[{"href":"https:\/\/leaders4future.eu\/sq\/wp-json\/wp\/v2\/media?parent=10177"}],"curies":[{"name":"wp","href":"https:\/\/api.w.org\/{rel}","templated":true}]}}